{"id":1936,"date":"2023-09-19T14:20:34","date_gmt":"2023-09-19T11:20:34","guid":{"rendered":"https:\/\/galatarezidans.com.tr\/?page_id=1936"},"modified":"2023-09-19T14:30:55","modified_gmt":"2023-09-19T11:30:55","slug":"rolove-restorasyon","status":"publish","type":"page","link":"https:\/\/galatarezidans.com.tr\/index.php\/projelerimiz\/rolove-restorasyon\/","title":{"rendered":"R\u00f6l\u00f6ve Restorasyon"},"content":{"rendered":"<p>[vc_row css=&#8221;.vc_custom_1695123052946{padding-bottom: 50px !important;}&#8221;][vc_column]  \n\n\t<!-- Element: OT Portfolio Category -->\n\t<div class=\"projects-grid-wrapper\">\n\t\t\t\t\t<div class=\"container\">\n\t\t    \t<!-- portfolio filter begin -->\n\t\t\t    <div class=\"row\">\n\t\t\t        <div class=\"col-md-12 text-center\">\n\t\t\t            <ul class=\"project_filters filters wow fadeInUp\" data-wow-delay=\"0s\">\n\t\t\t            \t                    \n\t\t\t                \t\t\t                  <li><a href=\"#\" data-filter=\".category-58\">R\u00f6l\u00f6ve Restorasyon<\/a><\/li>\n\t\t\t                                    \n\t\t\t            <\/ul>\n\t\t\t        <\/div>\n\t\t\t    <\/div>\n\t\t    \t<!-- portfolio filter close -->\n\t    \t<\/div>\n\t    \n\t    <div class=\"projects-grid projects-load-ajax overlay_s1 portfolio_category pf_3_cols wow fadeInUp \" data-wow-delay=\".3s\" style=\"margin: -10px 10px\" >\n\t    \t<div class=\"project-item-sizer\"><\/div>\n\t                  \n\t        <!-- gallery item -->\n\t        <div class=\"project-item category-58 \" style=\"padding:10px\">\n\t        \t<div class=\"projects-box\">\n\t\t\t\t\t<div class=\"projects-thumbnail\">\n\t\t\t\t\t\t<img loading=\"lazy\" decoding=\"async\" width=\"750\" height=\"499\" src=\"https:\/\/galatarezidans.com.tr\/wp-content\/uploads\/2023\/09\/11-AFYON-MERKEZ-YONCAALTICAMI-1-750x499.jpeg\" class=\"attachment-thumb-portfolio size-thumb-portfolio wp-post-image\" alt=\"\" title=\"11 AFYON MERKEZ YONCAALTICAM\u0130\" \/>\t\t\t\t\t<\/div>\t\t\t\t\t\t\t\n\t\t\t\t\t<a class=\"simple-ajax-popup-align-top\" href=\"https:\/\/galatarezidans.com.tr\/index.php\/portfolio\/yoncaalti-camii-3\/\">\n\t\t\t\t\t\t<span class=\"project-overlay\">\n\t\t\t\t\t\t\t<span class=\"project-name id-color\">YONCAALTI CAM\u0130\u0130<\/span>\t\n\t\t\t\t\t\t<\/span>\n\t\t\t\t\t<\/a>\t\n\t\t\t\t<\/div>\n\t        <\/div>\n\t        <!-- close gallery item -->\n\t                 \n\t        <!-- gallery item -->\n\t        <div class=\"project-item category-58 \" style=\"padding:10px\">\n\t        \t<div class=\"projects-box\">\n\t\t\t\t\t<div class=\"projects-thumbnail\">\n\t\t\t\t\t\t<img loading=\"lazy\" decoding=\"async\" width=\"750\" height=\"499\" src=\"https:\/\/galatarezidans.com.tr\/wp-content\/uploads\/2023\/09\/11-AFYON-SANDIKLI-ULU-CAMI-750x499.jpeg\" class=\"attachment-thumb-portfolio size-thumb-portfolio wp-post-image\" alt=\"\" title=\"11 AFYON SANDIKLI ULU CAM\u0130\" \/>\t\t\t\t\t<\/div>\t\t\t\t\t\t\t\n\t\t\t\t\t<a class=\"simple-ajax-popup-align-top\" href=\"https:\/\/galatarezidans.com.tr\/index.php\/portfolio\/sandikli-ulu-camii\/\">\n\t\t\t\t\t\t<span class=\"project-overlay\">\n\t\t\t\t\t\t\t<span class=\"project-name id-color\">SANDIKLI ULU CAM\u0130\u0130<\/span>\t\n\t\t\t\t\t\t<\/span>\n\t\t\t\t\t<\/a>\t\n\t\t\t\t<\/div>\n\t        <\/div>\n\t        <!-- close gallery item -->\n\t                 \n\t        <!-- gallery item -->\n\t        <div class=\"project-item category-58 \" style=\"padding:10px\">\n\t        \t<div class=\"projects-box\">\n\t\t\t\t\t<div class=\"projects-thumbnail\">\n\t\t\t\t\t\t<img loading=\"lazy\" decoding=\"async\" width=\"750\" height=\"499\" src=\"https:\/\/galatarezidans.com.tr\/wp-content\/uploads\/2023\/09\/12-EDIRNE-SEYH-CELEBI-CAMI-750x499.jpeg\" class=\"attachment-thumb-portfolio size-thumb-portfolio wp-post-image\" alt=\"\" title=\"12 ED\u0130RNE \u015eEYH \u00c7ELEB\u0130 CAM\u0130\" \/>\t\t\t\t\t<\/div>\t\t\t\t\t\t\t\n\t\t\t\t\t<a class=\"simple-ajax-popup-align-top\" href=\"https:\/\/galatarezidans.com.tr\/index.php\/portfolio\/seyh-celebi-camii\/\">\n\t\t\t\t\t\t<span class=\"project-overlay\">\n\t\t\t\t\t\t\t<span class=\"project-name id-color\">\u015eEYH \u00c7ELEB\u0130 CAM\u0130\u0130<\/span>\t\n\t\t\t\t\t\t<\/span>\n\t\t\t\t\t<\/a>\t\n\t\t\t\t<\/div>\n\t        <\/div>\n\t        <!-- close gallery item -->\n\t                 \n\t        <!-- gallery item -->\n\t        <div class=\"project-item category-58 \" style=\"padding:10px\">\n\t        \t<div class=\"projects-box\">\n\t\t\t\t\t<div class=\"projects-thumbnail\">\n\t\t\t\t\t\t<img loading=\"lazy\" decoding=\"async\" width=\"750\" height=\"499\" src=\"https:\/\/galatarezidans.com.tr\/wp-content\/uploads\/2023\/09\/14-ISTANBUL-SIYAVUSPASA-MEDRESESI--750x499.jpeg\" class=\"attachment-thumb-portfolio size-thumb-portfolio wp-post-image\" alt=\"\" title=\"14 \u0130STANBUL S\u0130YAVU\u015ePA\u015eA MEDRESES\u0130\" \/>\t\t\t\t\t<\/div>\t\t\t\t\t\t\t\n\t\t\t\t\t<a class=\"simple-ajax-popup-align-top\" href=\"https:\/\/galatarezidans.com.tr\/index.php\/portfolio\/siyavuspasa-medresesi\/\">\n\t\t\t\t\t\t<span class=\"project-overlay\">\n\t\t\t\t\t\t\t<span class=\"project-name id-color\">S\u0130YAVU\u015ePA\u015eA MEDRESES\u0130<\/span>\t\n\t\t\t\t\t\t<\/span>\n\t\t\t\t\t<\/a>\t\n\t\t\t\t<\/div>\n\t        <\/div>\n\t        <!-- close gallery item -->\n\t                 \n\t        <!-- gallery item -->\n\t        <div class=\"project-item category-58 \" style=\"padding:10px\">\n\t        \t<div class=\"projects-box\">\n\t\t\t\t\t<div class=\"projects-thumbnail\">\n\t\t\t\t\t\t<img loading=\"lazy\" decoding=\"async\" width=\"750\" height=\"499\" src=\"https:\/\/galatarezidans.com.tr\/wp-content\/uploads\/2023\/09\/7-KULA-EMREKOYU-CAMI-750x499.jpeg\" class=\"attachment-thumb-portfolio size-thumb-portfolio wp-post-image\" alt=\"\" title=\"7 KULA EMREK\u00d6Y\u00dc CAM\u0130\" \/>\t\t\t\t\t<\/div>\t\t\t\t\t\t\t\n\t\t\t\t\t<a class=\"simple-ajax-popup-align-top\" href=\"https:\/\/galatarezidans.com.tr\/index.php\/portfolio\/kula-emre-koyu-camii\/\">\n\t\t\t\t\t\t<span class=\"project-overlay\">\n\t\t\t\t\t\t\t<span class=\"project-name id-color\">KULA EMRE K\u00d6Y\u00dc CAM\u0130\u0130<\/span>\t\n\t\t\t\t\t\t<\/span>\n\t\t\t\t\t<\/a>\t\n\t\t\t\t<\/div>\n\t        <\/div>\n\t        <!-- close gallery item -->\n\t                 \n\t        <!-- gallery item -->\n\t        <div class=\"project-item category-58 \" style=\"padding:10px\">\n\t        \t<div class=\"projects-box\">\n\t\t\t\t\t<div class=\"projects-thumbnail\">\n\t\t\t\t\t\t<img loading=\"lazy\" decoding=\"async\" width=\"750\" height=\"499\" src=\"https:\/\/galatarezidans.com.tr\/wp-content\/uploads\/2023\/09\/8-KULA-CARSI-CAMI-750x499.jpeg\" class=\"attachment-thumb-portfolio size-thumb-portfolio wp-post-image\" alt=\"\" srcset=\"https:\/\/galatarezidans.com.tr\/wp-content\/uploads\/2023\/09\/8-KULA-CARSI-CAMI-750x499.jpeg 750w, https:\/\/galatarezidans.com.tr\/wp-content\/uploads\/2023\/09\/8-KULA-CARSI-CAMI-300x201.jpeg 300w\" sizes=\"auto, (max-width: 750px) 100vw, 750px\" title=\"8 KULA \u00c7AR\u015eI CAM\u0130\" \/>\t\t\t\t\t<\/div>\t\t\t\t\t\t\t\n\t\t\t\t\t<a class=\"simple-ajax-popup-align-top\" href=\"https:\/\/galatarezidans.com.tr\/index.php\/portfolio\/kula-carsi-camii\/\">\n\t\t\t\t\t\t<span class=\"project-overlay\">\n\t\t\t\t\t\t\t<span class=\"project-name id-color\">KULA \u00c7AR\u015eI CAM\u0130\u0130<\/span>\t\n\t\t\t\t\t\t<\/span>\n\t\t\t\t\t<\/a>\t\n\t\t\t\t<\/div>\n\t        <\/div>\n\t        <!-- close gallery item -->\n\t                 \n\t        <!-- gallery item -->\n\t        <div class=\"project-item category-58 \" style=\"padding:10px\">\n\t        \t<div class=\"projects-box\">\n\t\t\t\t\t<div class=\"projects-thumbnail\">\n\t\t\t\t\t\t<img loading=\"lazy\" decoding=\"async\" width=\"750\" height=\"499\" src=\"https:\/\/galatarezidans.com.tr\/wp-content\/uploads\/2023\/09\/9-KULA-CARSI-HAMAMI-750x499.jpeg\" class=\"attachment-thumb-portfolio size-thumb-portfolio wp-post-image\" alt=\"\" title=\"9 KULA \u00c7AR\u015eI HAMAMI\" \/>\t\t\t\t\t<\/div>\t\t\t\t\t\t\t\n\t\t\t\t\t<a class=\"simple-ajax-popup-align-top\" href=\"https:\/\/galatarezidans.com.tr\/index.php\/portfolio\/kula-carsi-hamami\/\">\n\t\t\t\t\t\t<span class=\"project-overlay\">\n\t\t\t\t\t\t\t<span class=\"project-name id-color\">KULA \u00c7AR\u015eI HAMAMI<\/span>\t\n\t\t\t\t\t\t<\/span>\n\t\t\t\t\t<\/a>\t\n\t\t\t\t<\/div>\n\t        <\/div>\n\t        <!-- close gallery item -->\n\t                 \n\t        <!-- gallery item -->\n\t        <div class=\"project-item category-58 \" style=\"padding:10px\">\n\t        \t<div class=\"projects-box\">\n\t\t\t\t\t<div class=\"projects-thumbnail\">\n\t\t\t\t\t\t<img loading=\"lazy\" decoding=\"async\" width=\"750\" height=\"499\" src=\"https:\/\/galatarezidans.com.tr\/wp-content\/uploads\/2023\/09\/10-TIRE-LUTFUPASA-CAM-750x499.jpeg\" class=\"attachment-thumb-portfolio size-thumb-portfolio wp-post-image\" alt=\"\" title=\"10 T\u0130RE L\u00dcTF\u00dcPA\u015eA CAM\" \/>\t\t\t\t\t<\/div>\t\t\t\t\t\t\t\n\t\t\t\t\t<a class=\"simple-ajax-popup-align-top\" href=\"https:\/\/galatarezidans.com.tr\/index.php\/portfolio\/tire-lutfu-pasa-camii\/\">\n\t\t\t\t\t\t<span class=\"project-overlay\">\n\t\t\t\t\t\t\t<span class=\"project-name id-color\">T\u0130RE L\u00dcTF\u00dc PA\u015eA CAM\u0130\u0130<\/span>\t\n\t\t\t\t\t\t<\/span>\n\t\t\t\t\t<\/a>\t\n\t\t\t\t<\/div>\n\t        <\/div>\n\t        <!-- close gallery item -->\n\t                 \n\t        <!-- gallery item -->\n\t        <div class=\"project-item category-58 \" style=\"padding:10px\">\n\t        \t<div class=\"projects-box\">\n\t\t\t\t\t<div class=\"projects-thumbnail\">\n\t\t\t\t\t\t<img loading=\"lazy\" decoding=\"async\" width=\"750\" height=\"499\" src=\"https:\/\/galatarezidans.com.tr\/wp-content\/uploads\/2023\/09\/4-KONAK-YALI-CAMI-1-750x499.jpg\" class=\"attachment-thumb-portfolio size-thumb-portfolio wp-post-image\" alt=\"\" title=\"Eski katalog\" \/>\t\t\t\t\t<\/div>\t\t\t\t\t\t\t\n\t\t\t\t\t<a class=\"simple-ajax-popup-align-top\" href=\"https:\/\/galatarezidans.com.tr\/index.php\/portfolio\/konak-yali-camii\/\">\n\t\t\t\t\t\t<span class=\"project-overlay\">\n\t\t\t\t\t\t\t<span class=\"project-name id-color\">KONAK YALI CAM\u0130\u0130<\/span>\t\n\t\t\t\t\t\t<\/span>\n\t\t\t\t\t<\/a>\t\n\t\t\t\t<\/div>\n\t        <\/div>\n\t        <!-- close gallery item -->\n\t                 \n\t        <!-- gallery item -->\n\t        <div class=\"project-item category-58 \" style=\"padding:10px\">\n\t        \t<div class=\"projects-box\">\n\t\t\t\t\t<div class=\"projects-thumbnail\">\n\t\t\t\t\t\t<img loading=\"lazy\" decoding=\"async\" width=\"750\" height=\"499\" src=\"https:\/\/galatarezidans.com.tr\/wp-content\/uploads\/2023\/09\/5-ALSANCAK-HAVAGAZI-FABRIKASI-3-750x499.jpeg\" class=\"attachment-thumb-portfolio size-thumb-portfolio wp-post-image\" alt=\"\" title=\"5 ALSANCAK HAVAGAZI FABR\u0130KASI 3\" \/>\t\t\t\t\t<\/div>\t\t\t\t\t\t\t\n\t\t\t\t\t<a class=\"simple-ajax-popup-align-top\" href=\"https:\/\/galatarezidans.com.tr\/index.php\/portfolio\/alsancak-tarihi-hava-gazi-fabrikasi\/\">\n\t\t\t\t\t\t<span class=\"project-overlay\">\n\t\t\t\t\t\t\t<span class=\"project-name id-color\">ALSANCAK TAR\u0130H\u0130 HAVA GAZI FABR\u0130KASI<\/span>\t\n\t\t\t\t\t\t<\/span>\n\t\t\t\t\t<\/a>\t\n\t\t\t\t<\/div>\n\t        <\/div>\n\t        <!-- close gallery item -->\n\t                 \n\t        <!-- gallery item -->\n\t        <div class=\"project-item category-58 \" style=\"padding:10px\">\n\t        \t<div class=\"projects-box\">\n\t\t\t\t\t<div class=\"projects-thumbnail\">\n\t\t\t\t\t\t<img loading=\"lazy\" decoding=\"async\" width=\"750\" height=\"499\" src=\"https:\/\/galatarezidans.com.tr\/wp-content\/uploads\/2023\/09\/6-ESKI-UN-FABRIKASI-DGM-TEDAS-BINASI-750x499.jpeg\" class=\"attachment-thumb-portfolio size-thumb-portfolio wp-post-image\" alt=\"\" title=\"6 ESK\u0130 UN FABR\u0130KASI DGM TEDA\u015e B\u0130NASI\" \/>\t\t\t\t\t<\/div>\t\t\t\t\t\t\t\n\t\t\t\t\t<a class=\"simple-ajax-popup-align-top\" href=\"https:\/\/galatarezidans.com.tr\/index.php\/portfolio\/dgm-tedas-eski-un-fabrikasi-binasi\/\">\n\t\t\t\t\t\t<span class=\"project-overlay\">\n\t\t\t\t\t\t\t<span class=\"project-name id-color\">DGM TEDA\u015e ESK\u0130 UN FABR\u0130KASI B\u0130NASI<\/span>\t\n\t\t\t\t\t\t<\/span>\n\t\t\t\t\t<\/a>\t\n\t\t\t\t<\/div>\n\t        <\/div>\n\t        <!-- close gallery item -->\n\t                 \n\t        <!-- gallery item -->\n\t        <div class=\"project-item category-58 \" style=\"padding:10px\">\n\t        \t<div class=\"projects-box\">\n\t\t\t\t\t<div class=\"projects-thumbnail\">\n\t\t\t\t\t\t<img loading=\"lazy\" decoding=\"async\" width=\"750\" height=\"499\" src=\"https:\/\/galatarezidans.com.tr\/wp-content\/uploads\/2023\/09\/11-AFYON-MERKEZ-YONCAALTICAMI-750x499.jpeg\" class=\"attachment-thumb-portfolio size-thumb-portfolio wp-post-image\" alt=\"\" title=\"11 AFYON MERKEZ YONCAALTICAM\u0130\" \/>\t\t\t\t\t<\/div>\t\t\t\t\t\t\t\n\t\t\t\t\t<a class=\"simple-ajax-popup-align-top\" href=\"https:\/\/galatarezidans.com.tr\/index.php\/portfolio\/yoncaalti-camii\/\">\n\t\t\t\t\t\t<span class=\"project-overlay\">\n\t\t\t\t\t\t\t<span class=\"project-name id-color\">YONCAALTI CAM\u0130\u0130<\/span>\t\n\t\t\t\t\t\t<\/span>\n\t\t\t\t\t<\/a>\t\n\t\t\t\t<\/div>\n\t        <\/div>\n\t        <!-- close gallery item -->\n\t       \t    <\/div> \n\t<\/div>  \n\n[\/vc_column][\/vc_row]<\/p>\n","protected":false},"excerpt":{"rendered":"<p>[vc_row css=&#8221;.vc_custom_1695123052946{padding-bottom: 50px !important;}&#8221;][vc_column][\/vc_column][\/vc_row]<\/p>\n","protected":false},"author":1,"featured_media":0,"parent":842,"menu_order":0,"comment_status":"closed","ping_status":"closed","template":"page-templates\/template-fullwidth.php","meta":{"footnotes":""},"class_list":["post-1936","page","type-page","status-publish","hentry"],"_links":{"self":[{"href":"https:\/\/galatarezidans.com.tr\/index.php\/wp-json\/wp\/v2\/pages\/1936","targetHints":{"allow":["GET"]}}],"collection":[{"href":"https:\/\/galatarezidans.com.tr\/index.php\/wp-json\/wp\/v2\/pages"}],"about":[{"href":"https:\/\/galatarezidans.com.tr\/index.php\/wp-json\/wp\/v2\/types\/page"}],"author":[{"embeddable":true,"href":"https:\/\/galatarezidans.com.tr\/index.php\/wp-json\/wp\/v2\/users\/1"}],"replies":[{"embeddable":true,"href":"https:\/\/galatarezidans.com.tr\/index.php\/wp-json\/wp\/v2\/comments?post=1936"}],"version-history":[{"count":10,"href":"https:\/\/galatarezidans.com.tr\/index.php\/wp-json\/wp\/v2\/pages\/1936\/revisions"}],"predecessor-version":[{"id":1946,"href":"https:\/\/galatarezidans.com.tr\/index.php\/wp-json\/wp\/v2\/pages\/1936\/revisions\/1946"}],"up":[{"embeddable":true,"href":"https:\/\/galatarezidans.com.tr\/index.php\/wp-json\/wp\/v2\/pages\/842"}],"wp:attachment":[{"href":"https:\/\/galatarezidans.com.tr\/index.php\/wp-json\/wp\/v2\/media?parent=1936"}],"curies":[{"name":"wp","href":"https:\/\/api.w.org\/{rel}","templated":true}]}}