{"id":1947,"date":"2023-09-19T14:31:29","date_gmt":"2023-09-19T11:31:29","guid":{"rendered":"https:\/\/galatarezidans.com.tr\/?page_id=1947"},"modified":"2023-09-19T14:36:04","modified_gmt":"2023-09-19T11:36:04","slug":"statik-projeler-ve-insaat-koordinatorlugu","status":"publish","type":"page","link":"https:\/\/galatarezidans.com.tr\/index.php\/projelerimiz\/statik-projeler-ve-insaat-koordinatorlugu\/","title":{"rendered":"Statik Projeler ve \u0130n\u015faat Koordinat\u00f6rl\u00fc\u011f\u00fc"},"content":{"rendered":"<p>[vc_row css=&#8221;.vc_custom_1695123032700{padding-bottom: 50px !important;}&#8221;][vc_column]  \n\n\t<!-- Element: OT Portfolio Category -->\n\t<div class=\"projects-grid-wrapper\">\n\t\t\t\t\t<div class=\"container\">\n\t\t    \t<!-- portfolio filter begin -->\n\t\t\t    <div class=\"row\">\n\t\t\t        <div class=\"col-md-12 text-center\">\n\t\t\t            <ul class=\"project_filters filters wow fadeInUp\" data-wow-delay=\"0s\">\n\t\t\t            \t                    \n\t\t\t                \t\t\t                  <li><a href=\"#\" data-filter=\".category-64\">Statik Projeler ve \u0130n\u015faat Koor.<\/a><\/li>\n\t\t\t                                    \n\t\t\t            <\/ul>\n\t\t\t        <\/div>\n\t\t\t    <\/div>\n\t\t    \t<!-- portfolio filter close -->\n\t    \t<\/div>\n\t    \n\t    <div class=\"projects-grid projects-load-ajax overlay_s1 portfolio_category pf_3_cols wow fadeInUp \" data-wow-delay=\".3s\" style=\"margin: -10px 10px\" >\n\t    \t<div class=\"project-item-sizer\"><\/div>\n\t                  \n\t        <!-- gallery item -->\n\t        <div class=\"project-item category-64 \" style=\"padding:10px\">\n\t        \t<div class=\"projects-box\">\n\t\t\t\t\t<div class=\"projects-thumbnail\">\n\t\t\t\t\t\t<img loading=\"lazy\" decoding=\"async\" width=\"750\" height=\"499\" src=\"https:\/\/galatarezidans.com.tr\/wp-content\/uploads\/2023\/09\/statu2-750x499.jpg\" class=\"attachment-thumb-portfolio size-thumb-portfolio wp-post-image\" alt=\"\" title=\"stat\u00fc2\" \/>\t\t\t\t\t<\/div>\t\t\t\t\t\t\t\n\t\t\t\t\t<a class=\"simple-ajax-popup-align-top\" href=\"https:\/\/galatarezidans.com.tr\/index.php\/portfolio\/menemen-240\/\">\n\t\t\t\t\t\t<span class=\"project-overlay\">\n\t\t\t\t\t\t\t<span class=\"project-name id-color\">MENEMEN 240<\/span>\t\n\t\t\t\t\t\t<\/span>\n\t\t\t\t\t<\/a>\t\n\t\t\t\t<\/div>\n\t        <\/div>\n\t        <!-- close gallery item -->\n\t                 \n\t        <!-- gallery item -->\n\t        <div class=\"project-item category-64 \" style=\"padding:10px\">\n\t        \t<div class=\"projects-box\">\n\t\t\t\t\t<div class=\"projects-thumbnail\">\n\t\t\t\t\t\t<img loading=\"lazy\" decoding=\"async\" width=\"750\" height=\"499\" src=\"https:\/\/galatarezidans.com.tr\/wp-content\/uploads\/2023\/09\/metroofis-2-750x499.jpg\" class=\"attachment-thumb-portfolio size-thumb-portfolio wp-post-image\" alt=\"\" title=\"metroofis 2\" \/>\t\t\t\t\t<\/div>\t\t\t\t\t\t\t\n\t\t\t\t\t<a class=\"simple-ajax-popup-align-top\" href=\"https:\/\/galatarezidans.com.tr\/index.php\/portfolio\/bornova-metroofis\/\">\n\t\t\t\t\t\t<span class=\"project-overlay\">\n\t\t\t\t\t\t\t<span class=\"project-name id-color\">BORNOVA METROOF\u0130S<\/span>\t\n\t\t\t\t\t\t<\/span>\n\t\t\t\t\t<\/a>\t\n\t\t\t\t<\/div>\n\t        <\/div>\n\t        <!-- close gallery item -->\n\t                 \n\t        <!-- gallery item -->\n\t        <div class=\"project-item category-64 \" style=\"padding:10px\">\n\t        \t<div class=\"projects-box\">\n\t\t\t\t\t<div class=\"projects-thumbnail\">\n\t\t\t\t\t\t<img loading=\"lazy\" decoding=\"async\" width=\"750\" height=\"499\" src=\"https:\/\/galatarezidans.com.tr\/wp-content\/uploads\/2023\/09\/konsept4-750x499.jpg\" class=\"attachment-thumb-portfolio size-thumb-portfolio wp-post-image\" alt=\"\" title=\"konsept4\" \/>\t\t\t\t\t<\/div>\t\t\t\t\t\t\t\n\t\t\t\t\t<a class=\"simple-ajax-popup-align-top\" href=\"https:\/\/galatarezidans.com.tr\/index.php\/portfolio\/cigli-konsept\/\">\n\t\t\t\t\t\t<span class=\"project-overlay\">\n\t\t\t\t\t\t\t<span class=\"project-name id-color\">\u00c7\u0130\u011eL\u0130 KONSEPT<\/span>\t\n\t\t\t\t\t\t<\/span>\n\t\t\t\t\t<\/a>\t\n\t\t\t\t<\/div>\n\t        <\/div>\n\t        <!-- close gallery item -->\n\t                 \n\t        <!-- gallery item -->\n\t        <div class=\"project-item category-64 \" style=\"padding:10px\">\n\t        \t<div class=\"projects-box\">\n\t\t\t\t\t<div class=\"projects-thumbnail\">\n\t\t\t\t\t\t<img loading=\"lazy\" decoding=\"async\" width=\"750\" height=\"499\" src=\"https:\/\/galatarezidans.com.tr\/wp-content\/uploads\/2023\/09\/idealofis2-1-750x499.jpg\" class=\"attachment-thumb-portfolio size-thumb-portfolio wp-post-image\" alt=\"\" srcset=\"https:\/\/galatarezidans.com.tr\/wp-content\/uploads\/2023\/09\/idealofis2-1-750x499.jpg 750w, https:\/\/galatarezidans.com.tr\/wp-content\/uploads\/2023\/09\/idealofis2-1-300x200.jpg 300w, https:\/\/galatarezidans.com.tr\/wp-content\/uploads\/2023\/09\/idealofis2-1-1024x682.jpg 1024w, https:\/\/galatarezidans.com.tr\/wp-content\/uploads\/2023\/09\/idealofis2-1-768x512.jpg 768w, https:\/\/galatarezidans.com.tr\/wp-content\/uploads\/2023\/09\/idealofis2-1-1536x1023.jpg 1536w, https:\/\/galatarezidans.com.tr\/wp-content\/uploads\/2023\/09\/idealofis2-1.jpg 1920w\" sizes=\"auto, (max-width: 750px) 100vw, 750px\" title=\"idealofis2\" \/>\t\t\t\t\t<\/div>\t\t\t\t\t\t\t\n\t\t\t\t\t<a class=\"simple-ajax-popup-align-top\" href=\"https:\/\/galatarezidans.com.tr\/index.php\/portfolio\/bayrakli-ofis\/\">\n\t\t\t\t\t\t<span class=\"project-overlay\">\n\t\t\t\t\t\t\t<span class=\"project-name id-color\">BAYRAKLI OF\u0130S<\/span>\t\n\t\t\t\t\t\t<\/span>\n\t\t\t\t\t<\/a>\t\n\t\t\t\t<\/div>\n\t        <\/div>\n\t        <!-- close gallery item -->\n\t                 \n\t        <!-- gallery item -->\n\t        <div class=\"project-item category-64 \" style=\"padding:10px\">\n\t        \t<div class=\"projects-box\">\n\t\t\t\t\t<div class=\"projects-thumbnail\">\n\t\t\t\t\t\t<img loading=\"lazy\" decoding=\"async\" width=\"750\" height=\"499\" src=\"https:\/\/galatarezidans.com.tr\/wp-content\/uploads\/2023\/09\/foto6-750x499.jpg\" class=\"attachment-thumb-portfolio size-thumb-portfolio wp-post-image\" alt=\"\" title=\"foto6\" \/>\t\t\t\t\t<\/div>\t\t\t\t\t\t\t\n\t\t\t\t\t<a class=\"simple-ajax-popup-align-top\" href=\"https:\/\/galatarezidans.com.tr\/index.php\/portfolio\/seyrek\/\">\n\t\t\t\t\t\t<span class=\"project-overlay\">\n\t\t\t\t\t\t\t<span class=\"project-name id-color\">SEYREK<\/span>\t\n\t\t\t\t\t\t<\/span>\n\t\t\t\t\t<\/a>\t\n\t\t\t\t<\/div>\n\t        <\/div>\n\t        <!-- close gallery item -->\n\t                 \n\t        <!-- gallery item -->\n\t        <div class=\"project-item category-64 \" style=\"padding:10px\">\n\t        \t<div class=\"projects-box\">\n\t\t\t\t\t<div class=\"projects-thumbnail\">\n\t\t\t\t\t\t<img loading=\"lazy\" decoding=\"async\" width=\"750\" height=\"499\" src=\"https:\/\/galatarezidans.com.tr\/wp-content\/uploads\/2023\/09\/kuzeysehir2-750x499.jpg\" class=\"attachment-thumb-portfolio size-thumb-portfolio wp-post-image\" alt=\"\" title=\"kuzey\u015fehir2\" \/>\t\t\t\t\t<\/div>\t\t\t\t\t\t\t\n\t\t\t\t\t<a class=\"simple-ajax-popup-align-top\" href=\"https:\/\/galatarezidans.com.tr\/index.php\/portfolio\/menemen-hidirtepe\/\">\n\t\t\t\t\t\t<span class=\"project-overlay\">\n\t\t\t\t\t\t\t<span class=\"project-name id-color\">MENEMEN HIDIRTEPE<\/span>\t\n\t\t\t\t\t\t<\/span>\n\t\t\t\t\t<\/a>\t\n\t\t\t\t<\/div>\n\t        <\/div>\n\t        <!-- close gallery item -->\n\t                 \n\t        <!-- gallery item -->\n\t        <div class=\"project-item category-64 \" style=\"padding:10px\">\n\t        \t<div class=\"projects-box\">\n\t\t\t\t\t<div class=\"projects-thumbnail\">\n\t\t\t\t\t\t<img loading=\"lazy\" decoding=\"async\" width=\"750\" height=\"499\" src=\"https:\/\/galatarezidans.com.tr\/wp-content\/uploads\/2023\/09\/atek-3-750x499.jpg\" class=\"attachment-thumb-portfolio size-thumb-portfolio wp-post-image\" alt=\"\" srcset=\"https:\/\/galatarezidans.com.tr\/wp-content\/uploads\/2023\/09\/atek-3-750x499.jpg 750w, https:\/\/galatarezidans.com.tr\/wp-content\/uploads\/2023\/09\/atek-3-300x200.jpg 300w, https:\/\/galatarezidans.com.tr\/wp-content\/uploads\/2023\/09\/atek-3-768x512.jpg 768w, https:\/\/galatarezidans.com.tr\/wp-content\/uploads\/2023\/09\/atek-3.jpg 1000w\" sizes=\"auto, (max-width: 750px) 100vw, 750px\" title=\"atek 3\" \/>\t\t\t\t\t<\/div>\t\t\t\t\t\t\t\n\t\t\t\t\t<a class=\"simple-ajax-popup-align-top\" href=\"https:\/\/galatarezidans.com.tr\/index.php\/portfolio\/atek-adres-kule\/\">\n\t\t\t\t\t\t<span class=\"project-overlay\">\n\t\t\t\t\t\t\t<span class=\"project-name id-color\">ATEK ADRES KULE<\/span>\t\n\t\t\t\t\t\t<\/span>\n\t\t\t\t\t<\/a>\t\n\t\t\t\t<\/div>\n\t        <\/div>\n\t        <!-- close gallery item -->\n\t                 \n\t        <!-- gallery item -->\n\t        <div class=\"project-item category-64 \" style=\"padding:10px\">\n\t        \t<div class=\"projects-box\">\n\t\t\t\t\t<div class=\"projects-thumbnail\">\n\t\t\t\t\t\t<img loading=\"lazy\" decoding=\"async\" width=\"750\" height=\"499\" src=\"https:\/\/galatarezidans.com.tr\/wp-content\/uploads\/2023\/09\/RESIM2-750x499.jpg\" class=\"attachment-thumb-portfolio size-thumb-portfolio wp-post-image\" alt=\"\" title=\"RES\u0130M2\" \/>\t\t\t\t\t<\/div>\t\t\t\t\t\t\t\n\t\t\t\t\t<a class=\"simple-ajax-popup-align-top\" href=\"https:\/\/galatarezidans.com.tr\/index.php\/portfolio\/ayasaranda-resort\/\">\n\t\t\t\t\t\t<span class=\"project-overlay\">\n\t\t\t\t\t\t\t<span class=\"project-name id-color\">AYASARANDA RESORT<\/span>\t\n\t\t\t\t\t\t<\/span>\n\t\t\t\t\t<\/a>\t\n\t\t\t\t<\/div>\n\t        <\/div>\n\t        <!-- close gallery item -->\n\t                 \n\t        <!-- gallery item -->\n\t        <div class=\"project-item category-64 \" style=\"padding:10px\">\n\t        \t<div class=\"projects-box\">\n\t\t\t\t\t<div class=\"projects-thumbnail\">\n\t\t\t\t\t\t<img loading=\"lazy\" decoding=\"async\" width=\"750\" height=\"499\" src=\"https:\/\/galatarezidans.com.tr\/wp-content\/uploads\/2023\/09\/park-yucesoy-karsiyaka2-750x499.jpg\" class=\"attachment-thumb-portfolio size-thumb-portfolio wp-post-image\" alt=\"\" srcset=\"https:\/\/galatarezidans.com.tr\/wp-content\/uploads\/2023\/09\/park-yucesoy-karsiyaka2-750x499.jpg 750w, https:\/\/galatarezidans.com.tr\/wp-content\/uploads\/2023\/09\/park-yucesoy-karsiyaka2-300x200.jpg 300w, https:\/\/galatarezidans.com.tr\/wp-content\/uploads\/2023\/09\/park-yucesoy-karsiyaka2-768x511.jpg 768w, https:\/\/galatarezidans.com.tr\/wp-content\/uploads\/2023\/09\/park-yucesoy-karsiyaka2.jpg 840w\" sizes=\"auto, (max-width: 750px) 100vw, 750px\" title=\"park y\u00fccesoy kar\u015f\u0131yaka2\" \/>\t\t\t\t\t<\/div>\t\t\t\t\t\t\t\n\t\t\t\t\t<a class=\"simple-ajax-popup-align-top\" href=\"https:\/\/galatarezidans.com.tr\/index.php\/portfolio\/karsiyaka-park-konutlari-2\/\">\n\t\t\t\t\t\t<span class=\"project-overlay\">\n\t\t\t\t\t\t\t<span class=\"project-name id-color\">KAR\u015eIYAKA PARK KONUTLARI<\/span>\t\n\t\t\t\t\t\t<\/span>\n\t\t\t\t\t<\/a>\t\n\t\t\t\t<\/div>\n\t        <\/div>\n\t        <!-- close gallery item -->\n\t                 \n\t        <!-- gallery item -->\n\t        <div class=\"project-item category-64 \" style=\"padding:10px\">\n\t        \t<div class=\"projects-box\">\n\t\t\t\t\t<div class=\"projects-thumbnail\">\n\t\t\t\t\t\t<img loading=\"lazy\" decoding=\"async\" width=\"750\" height=\"463\" src=\"https:\/\/galatarezidans.com.tr\/wp-content\/uploads\/2023\/09\/myvia-bornova_35759-750x463.jpg\" class=\"attachment-thumb-portfolio size-thumb-portfolio wp-post-image\" alt=\"\" title=\"myvia-bornova_35759\" \/>\t\t\t\t\t<\/div>\t\t\t\t\t\t\t\n\t\t\t\t\t<a class=\"simple-ajax-popup-align-top\" href=\"https:\/\/galatarezidans.com.tr\/index.php\/portfolio\/bornova-my-via-2\/\">\n\t\t\t\t\t\t<span class=\"project-overlay\">\n\t\t\t\t\t\t\t<span class=\"project-name id-color\">BORNOVA MY VIA<\/span>\t\n\t\t\t\t\t\t<\/span>\n\t\t\t\t\t<\/a>\t\n\t\t\t\t<\/div>\n\t        <\/div>\n\t        <!-- close gallery item -->\n\t       \t    <\/div> \n\t<\/div>  \n\n[\/vc_column][\/vc_row]<\/p>\n","protected":false},"excerpt":{"rendered":"<p>[vc_row css=&#8221;.vc_custom_1695123032700{padding-bottom: 50px !important;}&#8221;][vc_column][\/vc_column][\/vc_row]<\/p>\n","protected":false},"author":1,"featured_media":0,"parent":842,"menu_order":0,"comment_status":"closed","ping_status":"closed","template":"page-templates\/template-fullwidth.php","meta":{"footnotes":""},"class_list":["post-1947","page","type-page","status-publish","hentry"],"_links":{"self":[{"href":"https:\/\/galatarezidans.com.tr\/index.php\/wp-json\/wp\/v2\/pages\/1947","targetHints":{"allow":["GET"]}}],"collection":[{"href":"https:\/\/galatarezidans.com.tr\/index.php\/wp-json\/wp\/v2\/pages"}],"about":[{"href":"https:\/\/galatarezidans.com.tr\/index.php\/wp-json\/wp\/v2\/types\/page"}],"author":[{"embeddable":true,"href":"https:\/\/galatarezidans.com.tr\/index.php\/wp-json\/wp\/v2\/users\/1"}],"replies":[{"embeddable":true,"href":"https:\/\/galatarezidans.com.tr\/index.php\/wp-json\/wp\/v2\/comments?post=1947"}],"version-history":[{"count":2,"href":"https:\/\/galatarezidans.com.tr\/index.php\/wp-json\/wp\/v2\/pages\/1947\/revisions"}],"predecessor-version":[{"id":1949,"href":"https:\/\/galatarezidans.com.tr\/index.php\/wp-json\/wp\/v2\/pages\/1947\/revisions\/1949"}],"up":[{"embeddable":true,"href":"https:\/\/galatarezidans.com.tr\/index.php\/wp-json\/wp\/v2\/pages\/842"}],"wp:attachment":[{"href":"https:\/\/galatarezidans.com.tr\/index.php\/wp-json\/wp\/v2\/media?parent=1947"}],"curies":[{"name":"wp","href":"https:\/\/api.w.org\/{rel}","templated":true}]}}