{"id":229,"date":"2015-07-27T03:29:01","date_gmt":"2015-07-27T03:29:01","guid":{"rendered":"http:\/\/demo.vegatheme.com\/archilight\/?page_id=229"},"modified":"2023-09-19T14:17:28","modified_gmt":"2023-09-19T11:17:28","slug":"hakkimizda","status":"publish","type":"page","link":"https:\/\/galatarezidans.com.tr\/index.php\/hakkimizda\/","title":{"rendered":"Hakk\u0131m\u0131zda"},"content":{"rendered":"<p>[vc_row fullwidth=&#8221;yes&#8221; css=&#8221;.vc_custom_1474447018555{background-position: 0 0 !important;background-repeat: no-repeat !important;}&#8221; el_class=&#8221;side-bg no-padding&#8221;][vc_column]\t<!-- Element: OT Quick Office -->\n\t<div class=\"side-bg\">\n\n\t\t<div class=\"image-container hidden-xs pull-left col-md-5\" style=\"background-image:url(https:\/\/galatarezidans.com.tr\/wp-content\/uploads\/2021\/01\/disdizayn4-scaled.jpg); ?>\" data-delay=\"0\"><\/div>\n\n\t\t<!-- Added this code in 26\/03\/2019 -->\n\t\t<img decoding=\"async\" class=\"visible-xs img-responsive\" src=\"https:\/\/galatarezidans.com.tr\/wp-content\/uploads\/2021\/01\/disdizayn4-scaled.jpg\" \/>\n\n        <div class=\"container\">\n            <div class=\"row\">\n                <div class=\"inner-padding\">\n                    <div class=\"col-md-6 col-md-offset-6 wow fadeInRight\" data-wow-delay=\".2s\">\n                        <h2>Hakk\u0131m\u0131zda<\/h2><br\/>\n                        <\/p>\n<p data-pm-slice=\"1 1 []\"><em>Galata M\u00fchendislik; tecr\u00fcbesiyle 20 seneyi a\u015fk\u0131n s\u00fcredir sekt\u00f6rde \u00e7ok say\u0131da ba\u015far\u0131l\u0131 projelerde imzas\u0131 bulunan \u0130n\u015faat M\u00fchendisi \u00dcmit Orkan ERD\u0130M ve yenilik\u00e7i anlay\u0131\u015f\u0131yla Avukat Berk Kay\u0131\u015fo\u011flu y\u00f6netiminde faaliyetlerini s\u00fcrd\u00fcrmektedir.<\/em><\/p>\n<p>Firma olarak sahip oldu\u011fumuz \u00e7\u00f6z\u00fcm odakl\u0131 bak\u0131\u015f a\u00e7\u0131s\u0131yla m\u00fc\u015fteri memnuniyetini her zaman en \u00fcst d\u00fczeyde tutmay\u0131 ama\u00e7l\u0131yoruz. Bu noktada projelerimizi titizlikle planl\u0131yor, sizlerin \u00f6zel ihtiya\u00e7lar\u0131n\u0131 ve taleplerini dikkate al\u0131yoruz. M\u00fc\u015fterilerimizin sadece projelerini tamamlamakla kalm\u0131yor, ayn\u0131 zamanda projelerin b\u00fct\u00e7e ve zamanlama s\u00fcre\u00e7lerini de titizlikle y\u00f6netiyoruz.<\/p>\n<p>Galata Rezidans olarak siz de\u011ferli i\u015f ortaklar\u0131m\u0131za daha iyi bir gelecek in\u015fa etmek i\u00e7in \u00e7al\u0131\u015f\u0131yoruz. Yenilik\u00e7i bak\u0131\u015f a\u00e7\u0131s\u0131yla \u00fcretmeye, projelerimizi geli\u015ftirmeye ve sizlerle birlikte daha fazla ba\u015far\u0131ya imza atmaya devam edece\u011fiz.                    <\/div>\n                    <div class=\"clearfix\"><\/div>\n                <\/div>\n            <\/div>\n        <\/div>\n\t<\/div>\n\n\t<!-- Element: OT Quick Office -->\n\t<div class=\"side-bg\">\n\n\t\t<div class=\"image-container hidden-xs pull-right right0 col-md-5 col-md-offset-7\" style=\"background-image:url(https:\/\/galatarezidans.com.tr\/wp-content\/uploads\/2023\/09\/vizyon.jpg); ?>\" data-delay=\"0\"><\/div>\n\n\t\t<!-- Added this code in 26\/03\/2019 -->\n\t\t<img decoding=\"async\" class=\"visible-xs img-responsive\" src=\"https:\/\/galatarezidans.com.tr\/wp-content\/uploads\/2023\/09\/vizyon.jpg\" \/>\n\n        <div class=\"container\">\n            <div class=\"row\">\n                <div class=\"inner-padding\">\n                    <div class=\"col-md-6 wow fadeInLeft\" data-wow-delay=\".2s\">\n                        <h2>Vizyonumuz<\/h2><br\/>\n                        \u00c7a\u011f\u0131m\u0131z\u0131n evrensel ko\u015fullar\u0131na uyumlu bir \u015fekilde ileriye do\u011fru yol al\u0131rken, toplumun kalk\u0131nmas\u0131 ve g\u00f6nencine katk\u0131da bulunan sekt\u00f6r kurulu\u015flar\u0131n\u0131n \u00f6nde gelenleri aras\u0131ndaki yerimizi korumakt\u0131r.<br \/>\n\u00c7evre dostu yakla\u015f\u0131m ile \u00fcr\u00fcn ve hizmette farkl\u0131la\u015fma, kaliteli yap\u0131lar \u00fcreterek teknolojiyi bu yap\u0131lara entegre ederek b\u00fcy\u00fcmeyi hedeflemektedir.                    <\/div>\n                    <div class=\"clearfix\"><\/div>\n                <\/div>\n            <\/div>\n        <\/div>\n\t<\/div>\n\n\t<!-- Element: OT Quick Office -->\n\t<div class=\"side-bg\">\n\n\t\t<div class=\"image-container hidden-xs pull-left col-md-5\" style=\"background-image:url(https:\/\/galatarezidans.com.tr\/wp-content\/uploads\/2021\/01\/ornek-daire-3.jpg); ?>\" data-delay=\"0\"><\/div>\n\n\t\t<!-- Added this code in 26\/03\/2019 -->\n\t\t<img decoding=\"async\" class=\"visible-xs img-responsive\" src=\"https:\/\/galatarezidans.com.tr\/wp-content\/uploads\/2021\/01\/ornek-daire-3.jpg\" \/>\n\n        <div class=\"container\">\n            <div class=\"row\">\n                <div class=\"inner-padding\">\n                    <div class=\"col-md-6 col-md-offset-6 wow fadeInRight\" data-wow-delay=\".2s\">\n                        <h2>Misyonumuz<\/h2><br\/>\n                        Faaliyette bulundu\u011fumuz sekt\u00f6rde etik ve yasal \u00e7er\u00e7eve d\u00e2hilinde beklentileri maksimum seviyede kar\u015f\u0131layan, memnuniyet odakl\u0131, standartlara uygun ve zaman\u0131nda teslim edilen se\u00e7kin projeler \u00fcretmektir. Teknolojik geli\u015fmeleri takip etmek ve uygulamak, i\u015f g\u00fcvenli\u011fi konusunu birinci derecede \u00f6nemli k\u0131lmak ve geli\u015ftirmek, projelerimizde m\u00fcmk\u00fcn oldu\u011fu \u00f6l\u00e7\u00fcde \u00e7evre dostu malzemeleri kullanmak ve \u00e7evreye sayg\u0131l\u0131 olmak.                    <\/div>\n                    <div class=\"clearfix\"><\/div>\n                <\/div>\n            <\/div>\n        <\/div>\n\t<\/div>\n\n[\/vc_column][\/vc_row][vc_row fullwidth=&#8221;yes&#8221; css=&#8221;.vc_custom_1442204580531{padding-top: 60px !important;padding-bottom: 60px !important;}&#8221; el_class=&#8221;call-to-action bg-color text-center&#8221;][vc_column]\t\t\t\n\t<!-- Element: OT Button --> \n\t\t\t<a href=\"http:\/\/galatarezidans.com.tr\/index.php\/iletisim\/\" target=\"_self\" class=\"btn btn-line-black btn-big  \">Bizimle \u0130leti\u015fime ge\u00e7in<\/a>\n\t    \n[\/vc_column][\/vc_row]<\/p>\n","protected":false},"excerpt":{"rendered":"<p>[vc_row fullwidth=&#8221;yes&#8221; css=&#8221;.vc_custom_1474447018555{background-position: 0 0 !important;background-repeat: no-repeat !important;}&#8221; el_class=&#8221;side-bg no-padding&#8221;][vc_column][\/vc_column][\/vc_row][vc_row fullwidth=&#8221;yes&#8221; css=&#8221;.vc_custom_1442204580531{padding-top: 60px !important;padding-bottom: 60px !important;}&#8221; el_class=&#8221;call-to-action bg-color text-center&#8221;][vc_column][\/vc_column][\/vc_row]<\/p>\n","protected":false},"author":1,"featured_media":0,"parent":0,"menu_order":0,"comment_status":"open","ping_status":"open","template":"page-templates\/template-fullwidth.php","meta":{"footnotes":""},"class_list":["post-229","page","type-page","status-publish","hentry"],"_links":{"self":[{"href":"https:\/\/galatarezidans.com.tr\/index.php\/wp-json\/wp\/v2\/pages\/229","targetHints":{"allow":["GET"]}}],"collection":[{"href":"https:\/\/galatarezidans.com.tr\/index.php\/wp-json\/wp\/v2\/pages"}],"about":[{"href":"https:\/\/galatarezidans.com.tr\/index.php\/wp-json\/wp\/v2\/types\/page"}],"author":[{"embeddable":true,"href":"https:\/\/galatarezidans.com.tr\/index.php\/wp-json\/wp\/v2\/users\/1"}],"replies":[{"embeddable":true,"href":"https:\/\/galatarezidans.com.tr\/index.php\/wp-json\/wp\/v2\/comments?post=229"}],"version-history":[{"count":10,"href":"https:\/\/galatarezidans.com.tr\/index.php\/wp-json\/wp\/v2\/pages\/229\/revisions"}],"predecessor-version":[{"id":1935,"href":"https:\/\/galatarezidans.com.tr\/index.php\/wp-json\/wp\/v2\/pages\/229\/revisions\/1935"}],"wp:attachment":[{"href":"https:\/\/galatarezidans.com.tr\/index.php\/wp-json\/wp\/v2\/media?parent=229"}],"curies":[{"name":"wp","href":"https:\/\/api.w.org\/{rel}","templated":true}]}}