{"id":872,"date":"2016-01-28T09:47:53","date_gmt":"2016-01-28T09:47:53","guid":{"rendered":"http:\/\/demo.vegatheme.com\/archilight\/?page_id=872"},"modified":"2022-07-01T14:31:11","modified_gmt":"2022-07-01T11:31:11","slug":"faaliyet-alanlarimiz","status":"publish","type":"page","link":"https:\/\/galatarezidans.com.tr\/index.php\/faaliyet-alanlarimiz\/","title":{"rendered":"Faaliyet Alanlar\u0131m\u0131z"},"content":{"rendered":"<p>[vc_row css=&#8221;.vc_custom_1611825980898{padding-top: 50px !important;padding-bottom: 0px !important;}&#8221;][vc_column]<!-- Element: OT Services Grid -->\n<div class=\"services-masonry service-grid row\">\n\t<div class=\"col-md-3 item-service-grid-sizer\"><\/div>\n\t\n\t<div class=\"col-md-3 item\">\n\t\t\n\t\t\t\t\t\n\t\t\t\t\n\t\t\t\t\t        <a href=\"https:\/\/galatarezidans.com.tr\/index.php\/service\/kentsel-donusum\/\"><img loading=\"lazy\" decoding=\"async\" width=\"800\" height=\"600\" src=\"https:\/\/galatarezidans.com.tr\/wp-content\/uploads\/2021\/02\/kentseldonusum.jpg\" class=\"img-responsive wp-post-image\" alt=\"\" srcset=\"https:\/\/galatarezidans.com.tr\/wp-content\/uploads\/2021\/02\/kentseldonusum.jpg 800w, https:\/\/galatarezidans.com.tr\/wp-content\/uploads\/2021\/02\/kentseldonusum-300x225.jpg 300w, https:\/\/galatarezidans.com.tr\/wp-content\/uploads\/2021\/02\/kentseldonusum-768x576.jpg 768w, https:\/\/galatarezidans.com.tr\/wp-content\/uploads\/2021\/02\/kentseldonusum-600x450.jpg 600w\" sizes=\"auto, (max-width: 800px) 100vw, 800px\" title=\"kentseldonusum\" \/><\/a>\n\t\t        <div class=\"spacer-single\"><\/div>\n\t\t\t   \n\t\t\t<h3><a href=\"https:\/\/galatarezidans.com.tr\/index.php\/service\/kentsel-donusum\/\">Kentsel D\u00f6n\u00fc\u015f\u00fcm<\/a><\/h3>\n\t\t\t<div class=\"service-excerpt\"><p>Kentsel D\u00f6n\u00fc\u015f\u00fcm; Kentsel sorunlar ve ihtiya\u00e7lar g\u00f6z \u00f6n\u00fcne al\u0131narak bir b\u00f6lgenin ekonomik, toplumsal ve mek\u00e2nsal \u00f6zelliklerinin incelenmesi sonucunda uygulanabilir bir yol haritas\u0131n\u0131n olu\u015fturulmas\u0131d\u0131r.<\/p>\n<\/div>\t\t\t\n\t\t\t\t\t\t\t<div class=\"spacer-single-10\"><\/div>\t\t\t\t\t\t\t\t\n\t\t\t\t<a href=\"https:\/\/galatarezidans.com.tr\/index.php\/service\/kentsel-donusum\/\" class=\"btn-line btn-fullwidth\">Daha Fazlas\u0131<\/a>\n\t\t\t\n\t\t\n\t<\/div>\n\n\t\n\t<div class=\"col-md-3 item\">\n\t\t\n\t\t\t\t\t\n\t\t\t\t\n\t\t\t\t\t        <a href=\"https:\/\/galatarezidans.com.tr\/index.php\/service\/kat-karsiligi-insaat\/\"><img loading=\"lazy\" decoding=\"async\" width=\"800\" height=\"600\" src=\"https:\/\/galatarezidans.com.tr\/wp-content\/uploads\/2021\/02\/kat-karsiligi.jpg\" class=\"img-responsive wp-post-image\" alt=\"\" srcset=\"https:\/\/galatarezidans.com.tr\/wp-content\/uploads\/2021\/02\/kat-karsiligi.jpg 800w, https:\/\/galatarezidans.com.tr\/wp-content\/uploads\/2021\/02\/kat-karsiligi-300x225.jpg 300w, https:\/\/galatarezidans.com.tr\/wp-content\/uploads\/2021\/02\/kat-karsiligi-768x576.jpg 768w, https:\/\/galatarezidans.com.tr\/wp-content\/uploads\/2021\/02\/kat-karsiligi-600x450.jpg 600w\" sizes=\"auto, (max-width: 800px) 100vw, 800px\" title=\"kat-karsiligi\" \/><\/a>\n\t\t        <div class=\"spacer-single\"><\/div>\n\t\t\t   \n\t\t\t<h3><a href=\"https:\/\/galatarezidans.com.tr\/index.php\/service\/kat-karsiligi-insaat\/\">Kat Kar\u015f\u0131l\u0131\u011f\u0131 \u0130n\u015faat ve M\u00fcteahhitlik<\/a><\/h3>\n\t\t\t<div class=\"service-excerpt\"><p>Arsan\u0131z\u0131 veya konutunuzu de\u011ferlendirmek i\u00e7in ba\u015fvuraca\u011f\u0131n\u0131z bir di\u011fer hizmetimiz kat kar\u015f\u0131l\u0131\u011f\u0131 in\u015faat ve m\u00fcteahhitlik hizmetimizdir. <\/p>\n<\/div>\t\t\t\n\t\t\t\t\t\t\t<div class=\"spacer-single-10\"><\/div>\t\t\t\t\t\t\t\t\n\t\t\t\t<a href=\"https:\/\/galatarezidans.com.tr\/index.php\/service\/kat-karsiligi-insaat\/\" class=\"btn-line btn-fullwidth\">Daha Fazlas\u0131<\/a>\n\t\t\t\n\t\t\n\t<\/div>\n\n\t\n\t<div class=\"col-md-3 item\">\n\t\t\n\t\t\t\t\t\n\t\t\t\t\n\t\t\t\t\t        <a href=\"https:\/\/galatarezidans.com.tr\/index.php\/service\/muhendislik-hizmetleri\/\"><img loading=\"lazy\" decoding=\"async\" width=\"800\" height=\"600\" src=\"https:\/\/galatarezidans.com.tr\/wp-content\/uploads\/2021\/02\/muhendislik.jpg\" class=\"img-responsive wp-post-image\" alt=\"\" srcset=\"https:\/\/galatarezidans.com.tr\/wp-content\/uploads\/2021\/02\/muhendislik.jpg 800w, https:\/\/galatarezidans.com.tr\/wp-content\/uploads\/2021\/02\/muhendislik-300x225.jpg 300w, https:\/\/galatarezidans.com.tr\/wp-content\/uploads\/2021\/02\/muhendislik-768x576.jpg 768w, https:\/\/galatarezidans.com.tr\/wp-content\/uploads\/2021\/02\/muhendislik-600x450.jpg 600w\" sizes=\"auto, (max-width: 800px) 100vw, 800px\" title=\"muhendislik\" \/><\/a>\n\t\t        <div class=\"spacer-single\"><\/div>\n\t\t\t   \n\t\t\t<h3><a href=\"https:\/\/galatarezidans.com.tr\/index.php\/service\/muhendislik-hizmetleri\/\">M\u00fchendislik Hizmetleri<\/a><\/h3>\n\t\t\t<div class=\"service-excerpt\"><p>Galata Rezidans in\u015faat projelerinin her a\u015famas\u0131nda bir\u00e7ok m\u00fchendislik \u00e7al\u0131\u015fmas\u0131 sergilenir. Bu \u00e7al\u0131\u015fmalar \u0131s\u0131tma, elektrik, g\u00fcvenlik, yang\u0131n g\u00fcvenli\u011fi, havaland\u0131rma, otomasyon, ar\u0131tma ve su tesisat\u0131 gibi her noktada planlamay\u0131 kapsamaktad\u0131r.<\/p>\n<\/div>\t\t\t\n\t\t\t\t\t\t\t<div class=\"spacer-single-10\"><\/div>\t\t\t\t\t\t\t\t\n\t\t\t\t<a href=\"https:\/\/galatarezidans.com.tr\/index.php\/service\/muhendislik-hizmetleri\/\" class=\"btn-line btn-fullwidth\">Daha Fazlas\u0131<\/a>\n\t\t\t\n\t\t\n\t<\/div>\n\n\t\n\t<div class=\"col-md-3 item\">\n\t\t\n\t\t\t\t\t\n\t\t\t\t\n\t\t\t\t\t        <a href=\"https:\/\/galatarezidans.com.tr\/index.php\/service\/mimarlik-hizmetleri\/\"><img loading=\"lazy\" decoding=\"async\" width=\"800\" height=\"600\" src=\"https:\/\/galatarezidans.com.tr\/wp-content\/uploads\/2021\/02\/mimarlik.jpg\" class=\"img-responsive wp-post-image\" alt=\"\" srcset=\"https:\/\/galatarezidans.com.tr\/wp-content\/uploads\/2021\/02\/mimarlik.jpg 800w, https:\/\/galatarezidans.com.tr\/wp-content\/uploads\/2021\/02\/mimarlik-300x225.jpg 300w, https:\/\/galatarezidans.com.tr\/wp-content\/uploads\/2021\/02\/mimarlik-768x576.jpg 768w, https:\/\/galatarezidans.com.tr\/wp-content\/uploads\/2021\/02\/mimarlik-600x450.jpg 600w\" sizes=\"auto, (max-width: 800px) 100vw, 800px\" title=\"mimarlik\" \/><\/a>\n\t\t        <div class=\"spacer-single\"><\/div>\n\t\t\t   \n\t\t\t<h3><a href=\"https:\/\/galatarezidans.com.tr\/index.php\/service\/mimarlik-hizmetleri\/\">Mimarl\u0131k Hizmetleri<\/a><\/h3>\n\t\t\t<div class=\"service-excerpt\"><p>Mimari projeler; yap\u0131n\u0131n d\u0131\u015f g\u00f6r\u00fcnt\u00fcs\u00fcn\u00fc, i\u00e7 tasar\u0131m\u0131n\u0131, kat planlar\u0131n\u0131, bulundu\u011fu konuma yerle\u015fimini ve yap\u0131da kullan\u0131lacak malzemelerin fonksiyonu ile t\u00fcm ayr\u0131nt\u0131lar\u0131n\u0131n yer ald\u0131\u011f\u0131 projedir.<\/p>\n<\/div>\t\t\t\n\t\t\t\t\t\t\t<div class=\"spacer-single-10\"><\/div>\t\t\t\t\t\t\t\t\n\t\t\t\t<a href=\"https:\/\/galatarezidans.com.tr\/index.php\/service\/mimarlik-hizmetleri\/\" class=\"btn-line btn-fullwidth\">Daha Fazlas\u0131<\/a>\n\t\t\t\n\t\t\n\t<\/div>\n\n\t\t\n<\/div>\t\n\n[\/vc_column][\/vc_row][vc_row el_class=&#8221;call-to-action bg-color dark text-center&#8221; css=&#8221;.vc_custom_1453975666551{padding-top: 60px !important;padding-bottom: 60px !important;}&#8221;][vc_column]\t\t\t\n\t<!-- Element: OT Button --> \n\t\t\t<a href=\"http:\/\/galatarezidans.com.tr\/index.php\/iletisim\/\" target=\"_self\" class=\"btn btn-line-black btn-big  \">Bizimle \u0130leti\u015fime Ge\u00e7in<\/a>\n\t    \n[\/vc_column][\/vc_row]<\/p>\n","protected":false},"excerpt":{"rendered":"<p>[vc_row css=&#8221;.vc_custom_1611825980898{padding-top: 50px !important;padding-bottom: 0px !important;}&#8221;][vc_column][\/vc_column][\/vc_row][vc_row el_class=&#8221;call-to-action bg-color dark text-center&#8221; css=&#8221;.vc_custom_1453975666551{padding-top: 60px !important;padding-bottom: 60px !important;}&#8221;][vc_column][\/vc_column][\/vc_row]<\/p>\n","protected":false},"author":1,"featured_media":0,"parent":0,"menu_order":0,"comment_status":"closed","ping_status":"closed","template":"page-templates\/template-fullwidth.php","meta":{"footnotes":""},"class_list":["post-872","page","type-page","status-publish","hentry"],"_links":{"self":[{"href":"https:\/\/galatarezidans.com.tr\/index.php\/wp-json\/wp\/v2\/pages\/872","targetHints":{"allow":["GET"]}}],"collection":[{"href":"https:\/\/galatarezidans.com.tr\/index.php\/wp-json\/wp\/v2\/pages"}],"about":[{"href":"https:\/\/galatarezidans.com.tr\/index.php\/wp-json\/wp\/v2\/types\/page"}],"author":[{"embeddable":true,"href":"https:\/\/galatarezidans.com.tr\/index.php\/wp-json\/wp\/v2\/users\/1"}],"replies":[{"embeddable":true,"href":"https:\/\/galatarezidans.com.tr\/index.php\/wp-json\/wp\/v2\/comments?post=872"}],"version-history":[{"count":6,"href":"https:\/\/galatarezidans.com.tr\/index.php\/wp-json\/wp\/v2\/pages\/872\/revisions"}],"predecessor-version":[{"id":1523,"href":"https:\/\/galatarezidans.com.tr\/index.php\/wp-json\/wp\/v2\/pages\/872\/revisions\/1523"}],"wp:attachment":[{"href":"https:\/\/galatarezidans.com.tr\/index.php\/wp-json\/wp\/v2\/media?parent=872"}],"curies":[{"name":"wp","href":"https:\/\/api.w.org\/{rel}","templated":true}]}}